{"id":2996,"date":"2009-10-21T12:19:25","date_gmt":"2009-10-21T12:19:25","guid":{"rendered":"http:\/\/322"},"modified":"2022-03-11T15:48:49","modified_gmt":"2022-03-11T14:48:49","slug":"comite-de-pilotage","status":"publish","type":"page","link":"https:\/\/ancien.siefar.org\/en\/dictionnaire-documents-et-ressources\/comite-de-pilotage\/","title":{"rendered":"Comit\u00e9 de pilotage"},"content":{"rendered":"<div class=\"corpsTexte\">\u00a0<\/div>\n<div class=\"corpsTexte\" style=\"text-align: justify;\">\n<div class=\"corpsTexte\">Un Comit\u00e9 de Pilotage, compos\u00e9 de membres de la SI\u00c9FAR sp\u00e9cialistes de diff\u00e9rents domaines et de diff\u00e9rentes p\u00e9riodes, supervise \u00e0 la fois la production des nouvelles notices et la saisie des anciennes. Des responsables de secteur assurent le suivi particulier des diff\u00e9rents domaines concern\u00e9s.<\/div>\n<div class=\"corpsTexte\">\u00a0<\/div>\n<div class=\"corpsTexte\"><strong>Direction g\u00e9n\u00e9rale :\u00a0<\/strong><a href=\"mailto:mehenneau@ulg.ac.be\">Marie-Elisabeth Henneau<\/a>, Universit\u00e9 de Li\u00e8ge<\/div>\n<\/p>\n<p><strong>Responsables de secteur :<\/strong><br \/>\nMoyen \u00c2ge : <a href=\"mailto:daniele.james-raoul@wanadoo.fr\">Dani\u00e8le James-Raoul<\/a>, <a href=\"mailto:anne.paupert@u-paris.fr\">Anne Paupert<\/a><br \/>\nXVI<sup>e<\/sup> si\u00e8cle : <a href=\"mailto:dubois-nayt@iut-velizy.uvsq.fr\">Armel Dubois-Nayt<\/a>, <a href=\"mailto:ghislaintranie@gmail.com\">Ghislain Trani\u00e9<\/a>, <a href=\"mailto:eliane-viennot@orange.fr\">Eliane Viennot<\/a><br \/>\nXVII<sup>e<\/sup> si\u00e8cle : <a href=\"mailto:nathalie.grandes@univ-nantes.fr\">Nathalie Grande<\/a>, <a href=\"mailto:mehenneau@ulg.ac.be\">Marie-Elisabeth Henneau<\/a>, <a href=\"mailto:clnedelec@yahoo.fr\">Claudine Nedelec<\/a><br \/>\nXVIII<sup>e<\/sup> si\u00e8cle : <a href=\"marianne.charrier@univ-rennes1.fr\">Marianne Charrier-Vozel<\/a>, <a href=\"mailto:nicole.pellegrin@wanadoo.fr\">Nicole Pellegrin<\/a>, <a href=\"mailto:rotraud.kulessa@phil.uni-augsburg.de\">Rotraud von Kulessa<\/a><\/p>\n<p>Ordres religieux : <a href=\"mailto:mehenneau@ulg.ac.be\">Marie-Elisabeth Henneau<\/a>, <a href=\"mailto:nicole.pellegrin@wanadoo.fr\">Nicole Pellegrin<\/a>, <a href=\"mailto:jpiront@uliege.be\">Julie Piront<\/a><br \/>\nHistoire de l\u2019art : <a href=\"mailto:jpiront@uliege.be\">Julie Piront<\/a><br \/>\nFemmes antiques et l\u00e9gendaires : <a href=\"mailto:adebrosse@gmail.com\">Anne Debrosse<\/a><br \/>\nIconographie : <a href=\"mailto:adebrosse@gmail.com\">Anne Debrosse<\/a><br \/>\nTraduction des notices : <a href=\"mailto:dubois-nayt@iut-velizy.uvsq.fr\">Armel Dubois-Nayt<\/a><\/p>\n<\/p>\n<p><strong>Anciens membres :<\/strong><br \/>\nDanielle Bohler, Isabelle Brouard, Agn\u00e8s Cousson,  Nicole Dufournaud, Aurore Evain, Danielle Haase-Dubosc, Sarah Hanley, Edwige Keller-Rahb\u00e9, Marie-Pierre Legrand,Sandrine L\u00e9ly, Cathy McClive, Eug\u00e9nie Pascal, Genevi\u00e8ve Thierry, Suzan Van Dijk, Laurence Vanoflen, Kathleen Wilson-Chevalier, Christian Zonza<\/p>\n<\/div>\n","protected":false},"excerpt":{"rendered":"<p>\u00a0 Un Comit\u00e9 de Pilotage, compos\u00e9 de membres de la SI\u00c9FAR sp\u00e9cialistes de diff\u00e9rents domaines et de diff\u00e9rentes p\u00e9riodes, supervise \u00e0 la fois la production des nouvelles notices et la [&hellip;]<\/p>\n","protected":false},"author":14,"featured_media":0,"parent":2993,"menu_order":0,"comment_status":"closed","ping_status":"closed","template":"","meta":{"_price":"","_stock":"","_tribe_ticket_header":"","_tribe_default_ticket_provider":"","_tribe_ticket_capacity":"0","_ticket_start_date":"","_ticket_end_date":"","_tribe_ticket_show_description":"","_tribe_ticket_show_not_going":false,"_tribe_ticket_use_global_stock":"","_tribe_ticket_global_stock_level":"","_global_stock_mode":"","_global_stock_cap":"","_tribe_rsvp_for_event":"","_tribe_ticket_going_count":"","_tribe_ticket_not_going_count":"","_tribe_tickets_list":[],"_tribe_ticket_has_attendee_info_fields":false},"translation":{"provider":"WPGlobus","version":"3.0.0","language":"en","enabled_languages":["fr","en"],"languages":{"fr":{"title":true,"content":true,"excerpt":false},"en":{"title":false,"content":false,"excerpt":false}}},"ticketed":false,"_links":{"self":[{"href":"https:\/\/ancien.siefar.org\/en\/wp-json\/wp\/v2\/pages\/2996"}],"collection":[{"href":"https:\/\/ancien.siefar.org\/en\/wp-json\/wp\/v2\/pages"}],"about":[{"href":"https:\/\/ancien.siefar.org\/en\/wp-json\/wp\/v2\/types\/page"}],"author":[{"embeddable":true,"href":"https:\/\/ancien.siefar.org\/en\/wp-json\/wp\/v2\/users\/14"}],"replies":[{"embeddable":true,"href":"https:\/\/ancien.siefar.org\/en\/wp-json\/wp\/v2\/comments?post=2996"}],"version-history":[{"count":6,"href":"https:\/\/ancien.siefar.org\/en\/wp-json\/wp\/v2\/pages\/2996\/revisions"}],"predecessor-version":[{"id":9690,"href":"https:\/\/ancien.siefar.org\/en\/wp-json\/wp\/v2\/pages\/2996\/revisions\/9690"}],"up":[{"embeddable":true,"href":"https:\/\/ancien.siefar.org\/en\/wp-json\/wp\/v2\/pages\/2993"}],"wp:attachment":[{"href":"https:\/\/ancien.siefar.org\/en\/wp-json\/wp\/v2\/media?parent=2996"}],"curies":[{"name":"wp","href":"https:\/\/api.w.org\/{rel}","templated":true}]}}