{"id":2984,"date":"2009-09-25T13:15:49","date_gmt":"2009-09-25T13:15:49","guid":{"rendered":"http:\/\/311"},"modified":"2018-06-04T12:16:47","modified_gmt":"2018-06-04T11:16:47","slug":"oeuvres-de-femmes-publiees-depuis-1990-lettres-t-u-v","status":"publish","type":"page","link":"https:\/\/ancien.siefar.org\/en\/bibliographies\/oeuvres-de-femmes-publiees-depuis-1990-lettres-t-u-v\/","title":{"rendered":"Oeuvres de femmes publi\u00e9es depuis 1990 &#8211; Lettres T-U-V"},"content":{"rendered":"<ul>\n<li class=\"corpsTexte\" style=\"text-align: justify;\"><span style=\"font-size: 12pt;\"><strong>Tencin, Claudine de (1681-1749)<\/strong><\/span><\/li>\n<\/ul>\n<div class=\"corpsTexte\" style=\"text-align: justify;\"><span style=\"font-size: 12pt;\"> &#8211; 2001,<em> Les Malheurs de l&#8217;amour (1766)<\/em>, Paris, \u00c9d. Desjonqu\u00e8res.<br \/> &#8211; 1996, <em>M\u00e9moires du comte de Comminge (1735),<\/em> \u00e9d. Michel Delon, Paris, Desjonqu\u00e8res.<br \/> &#8211; 1996, <em>M\u00e9moires du comte de Comminge (1735),<\/em> voir <a href=\"http:\/\/www.siefar.org\/bibliographies\/oeuvres-de-femmes-publiees-depuis-1990-anthologies.html\">anthologie <\/a>Raymond Trousson.<\/span><\/p>\n<hr \/>\n<\/div>\n<ul style=\"text-align: justify;\">\n<li>\n<div class=\"corpsTexte\" style=\"text-align: justify;\"><span style=\"font-size: 12pt;\"><strong>Vig\u00e9e Le Brun, Eisabeth (1755-1842)<\/strong><\/span><\/div>\n<\/li>\n<\/ul>\n<div class=\"corpsTexte\" style=\"text-align: justify;\"><span style=\"font-size: 12pt;\"><span style=\"font-size: 12pt;\"> &#8211; 2009, <em>Les Femmes r\u00e9gnaient alors, la R\u00e9volution les a d\u00e9tr\u00f4n\u00e9es.<br \/> Souvenirs (1755-1842)<\/em>, \u00e9d. Didier Masseau, Paris, Tallandier.<br \/> &#8211; 2008, <em>Souvenirs, 1755-1842<\/em>, \u00e9d. Genevi\u00e8ve Haroche-Bouzinac, Paris, H. Champion.<\/span><\/span><\/p>\n<hr \/>\n<\/div>\n<ul style=\"text-align: justify;\">\n<li>\n<div class=\"corpsTexte\" style=\"text-align: justify;\"><span style=\"font-size: 12pt;\"><strong>Villedieu, Mme de [Marie-Catherine Desjardins, dite] (1640?-1683)<\/strong><\/span><\/div>\n<\/li>\n<\/ul>\n<div class=\"corpsTexte\" style=\"text-align: justify;\"><span style=\"font-size: 12pt;\"> &#8211; 2017,\u00a0<em>Le Favori, tragi-com\u00e9die (1665)<\/em>, \u00e9d. Delphine Amstuntz, Paris, Hermann.<\/span><\/div>\n<div class=\"corpsTexte\" style=\"text-align: justify;\"><span style=\"font-size: 12pt;\">&#8211; 2016,\u00a0<a href=\"http:\/\/siefar.org\/villedieu-amours-grands-hommes\/\"><em>Les Amours des grands hommes<\/em>,<\/a> \u00e9d. Nathalie Grande, Paris, Classiques Garnier.<\/span><\/div>\n<div class=\"corpsTexte\" style=\"text-align: justify;\"><span style=\"font-size: 12pt;\"><span style=\"font-size: 12pt;\">&#8211; 2011, <a href=\"http:\/\/www.siefar.org\/publications-articles\/mme-de-villedieu-le-portefeuille.html\"><em>Le Portefeuille<\/em> <\/a>(1664), \u00e9d. Nathalie Grande, Saint-Etienne, PUSE, coll. Textes et Contre-Textes.<br \/> &#8211; 2009, <em>Description d\u2019une des f\u00eates que le roi a faites \u00e0 Versailles (1665),<\/em> \u00e9d. Aurore Evain, <a href=\"http:\/\/www.theatredefemmes-ancienregime.org\">www.theatredefemmes-ancienregime.org<\/a>, 2009.<br \/> &#8211; 2008, <em>Carmente, histoire grecque (1668)<\/em>, \u00e9d. Sophie Dalbourg <em>(1998)<\/em>, e<a href=\"http:\/\/recherche.univ-lyon2.fr\/grac\/245-Carmente-1668-ed-Sophie-Dalbourg.html\">n ligne<\/a> sur le site consacr\u00e9 \u00e0 Mme de Villedieu (GRAC \u2013 E. Keller-Rahb\u00e9).<br \/> &#8211; 2008, <em>Manlius et Le Favori<\/em>, \u00e9d. H. Goldwyn, voir <a href=\"http:\/\/www.siefar.org\/bibliographies\/oeuvres-de-femmes-publiees-depuis-1990-anthologies.html\">anthologie <\/a>A. Evain, P. Gethner &amp; H. Goldwyn.<br \/> &#8211; 2008, <em>Nouvelles affricaines, Amours au Palais du Bardo<\/em>, \u00e9d. H\u00e9dia Khadhar, Carthage, Editions cartaginoiseries.<br \/> &#8211; 2007, <em>Les Annales galantes<\/em>, \u00e9d. G. Letexier, Paris, Soci\u00e9t\u00e9 des Textes Fran\u00e7ais Modernes, t. II.<br \/> &#8211; 2006, <em><a href=\"http:\/\/www.siefar.org\/publications-articles\/madame-de-villedieu-les-galanteries-grenadines.html\">Les Galanteries grenadines<\/a>,<\/em> \u00e9d. Edwige Keller-Rahb\u00e9, Saint-Etienne, Publications de l&#8217;Universit\u00e9 de Saint-\u00c9tienne, coll. \u00abTextes et Contre-Textes\u00bb.<br \/> &#8211; 2005, <em>Les Annales galantes<\/em>, \u00e9d. G. Letexier, Paris, Soci\u00e9t\u00e9 des Textes Fran\u00e7ais Modernes, t. I.<br \/> &#8211; 2003, <em>M\u00e9moires de la vie de Henriette-Sylvie de Moli\u00e8re,<\/em> \u00e9d. Ren\u00e9 D\u00e9moris, Paris, Desjonqu\u00e8res.<br \/> &#8211; 2002, <em>Nit\u00e9tis<\/em>, voir <a href=\"http:\/\/www.siefar.org\/bibliographies\/oeuvres-de-femmes-publiees-depuis-1990-anthologies.html\">anthologie <\/a>Perry Gethner.<br \/> &#8211; 2001, \u00abR\u00e9cit en prose et en vers de la farce des Pr\u00e9cieuses\u00bb, \u00e9d. R. Duch\u00eane, in <em>Les Pr\u00e9cieuses ou comment l&#8217;esprit vint aux femmes<\/em>, Paris, Fayard, p.340-347.<br \/> &#8211; 1998, <em>Le Favori,<\/em> voir <a href=\"http:\/\/www.siefar.org\/bibliographies\/oeuvres-de-femmes-publiees-depuis-1990-anthologies.html\">anthologie <\/a>Perry Gethner.<br \/> &#8211; 1997, \u00abQu&#8217;on ne peut donner \u00bb; \u00abQu&#8217;il n&#8217;y a point de d\u00e9sespoir\u00bb (Les D\u00e9sordres de l&#8217;amour), \u00e9d. M. Cu\u00e9nin, in J. Lafond (dir.), <em>Nouvelles du XVIIe si\u00e8cle<\/em>, Gallimard la Pl\u00e9iade, p.624-698.<br \/> &#8211; 1997, \u00abHistoire de Nogaret et de Mariane\u00bb (Les Annales galantes), \u00e9d. M. Cu\u00e9nin, in J. Lafond (dir.), <em>Nouvelles du XVIIe si\u00e8cle,<\/em> Gallimard la Pl\u00e9iade, p.563-583.<br \/> &#8211; 1995, <em>Selected Writings of Madame de Villedieu,<\/em> \u00e9d. Nancy Deighton Klein, New York, Peter Lang <em>(\u00abJouissance\u00bb, \u00abManlius\u00bb, \u00abLisandre\u00bb, Extraits de \u00abFables ou Histoires all\u00e9goriques\u00bb et de \u00abLes Amours des Grands Hommes\u00bb)<\/em>.<br \/> &#8211; 1994, Lettres et billets galants, \u00e9d. Jean Rohou, Lettres d&#8217;amour du XVIIe si\u00e8cle, Paris, Seuil, \u00abL&#8217;Ecole des lettres\u00bb.<\/span><\/span><\/p>\n<hr \/>\n<\/div>\n<ul style=\"text-align: justify;\">\n<li>\n<div class=\"corpsTexte\" style=\"text-align: justify;\"><span style=\"font-size: 12pt;\"><strong>Villeneuve, Mme de [Gabrielle-Suzanne Barbot, dame de] (1695-1755)<\/strong><\/span><\/div>\n<\/li>\n<\/ul>\n<div class=\"corpsTexte\" style=\"text-align: justify;\"><span style=\"font-size: 12pt;\"> &#8211; 2008, <em>La Jeune Am\u00e9ricaine et les contes marins (La Belle et la B\u00eate). Les Belles Solitaires<\/em>, \u00e9d. \u00c9. Biancardi, Paris, H. Champion.<\/span><\/p>\n<p><span style=\"font-size: 12pt;\">\u00a0<\/span><\/p>\n<\/div>\n<div class=\"corpsTexte\" style=\"text-align: justify;\"><span style=\"font-size: 12pt;\">\u00a0<\/span><\/div>\n<div class=\"corpsTexte\" style=\"text-align: right;\">\n<div class=\"corpsTexte\" style=\"text-align: justify;\"><span style=\"font-size: 12pt;\"><a href=\"http:\/\/www.siefar.org\/publications\/oeuvres-de-femmes-publiees-depuis-1990.html\"><strong>Retour \u00e0 la liste des autrices<\/strong><\/a><\/span><\/div>\n<p style=\"text-align: justify;\"><span style=\"font-size: 12pt;\"><br \/> <\/span><\/p>\n<\/div>\n","protected":false},"excerpt":{"rendered":"<p>Tencin, Claudine de (1681-1749) &#8211; 2001, Les Malheurs de l&#8217;amour (1766), Paris, \u00c9d. Desjonqu\u00e8res. &#8211; 1996, M\u00e9moires du comte de Comminge (1735), \u00e9d. Michel Delon, Paris, Desjonqu\u00e8res. &#8211; 1996, M\u00e9moires [&hellip;]<\/p>\n","protected":false},"author":14,"featured_media":1933,"parent":2975,"menu_order":0,"comment_status":"closed","ping_status":"closed","template":"","meta":{"_price":"","_stock":"","_tribe_ticket_header":"","_tribe_default_ticket_provider":"","_tribe_ticket_capacity":"0","_ticket_start_date":"","_ticket_end_date":"","_tribe_ticket_show_description":"","_tribe_ticket_show_not_going":false,"_tribe_ticket_use_global_stock":"","_tribe_ticket_global_stock_level":"","_global_stock_mode":"","_global_stock_cap":"","_tribe_rsvp_for_event":"","_tribe_ticket_going_count":"","_tribe_ticket_not_going_count":"","_tribe_tickets_list":[],"_tribe_ticket_has_attendee_info_fields":false},"translation":{"provider":"WPGlobus","version":"3.0.0","language":"en","enabled_languages":["fr","en"],"languages":{"fr":{"title":true,"content":true,"excerpt":false},"en":{"title":false,"content":false,"excerpt":false}}},"ticketed":false,"_links":{"self":[{"href":"https:\/\/ancien.siefar.org\/en\/wp-json\/wp\/v2\/pages\/2984"}],"collection":[{"href":"https:\/\/ancien.siefar.org\/en\/wp-json\/wp\/v2\/pages"}],"about":[{"href":"https:\/\/ancien.siefar.org\/en\/wp-json\/wp\/v2\/types\/page"}],"author":[{"embeddable":true,"href":"https:\/\/ancien.siefar.org\/en\/wp-json\/wp\/v2\/users\/14"}],"replies":[{"embeddable":true,"href":"https:\/\/ancien.siefar.org\/en\/wp-json\/wp\/v2\/comments?post=2984"}],"version-history":[{"count":4,"href":"https:\/\/ancien.siefar.org\/en\/wp-json\/wp\/v2\/pages\/2984\/revisions"}],"predecessor-version":[{"id":6324,"href":"https:\/\/ancien.siefar.org\/en\/wp-json\/wp\/v2\/pages\/2984\/revisions\/6324"}],"up":[{"embeddable":true,"href":"https:\/\/ancien.siefar.org\/en\/wp-json\/wp\/v2\/pages\/2975"}],"wp:featuredmedia":[{"embeddable":true,"href":"https:\/\/ancien.siefar.org\/en\/wp-json\/wp\/v2\/media\/1933"}],"wp:attachment":[{"href":"https:\/\/ancien.siefar.org\/en\/wp-json\/wp\/v2\/media?parent=2984"}],"curies":[{"name":"wp","href":"https:\/\/api.w.org\/{rel}","templated":true}]}}