{"id":2950,"date":"2009-09-22T11:01:24","date_gmt":"2009-09-22T11:01:24","guid":{"rendered":"279"},"modified":"-0001-11-30T00:00:00","modified_gmt":"-0001-11-30T07:00:00","slug":"feminites-et-masculinites-dans-le-texte-narratif-avant-1800-la-question-du-gender","status":"publish","type":"page","link":"https:\/\/ancien.siefar.org\/en\/publications-articles\/feminites-et-masculinites-dans-le-texte-narratif-avant-1800-la-question-du-gender\/","title":{"rendered":"F\u00e9minit\u00e9s et masculinit\u00e9s dans le texte narratif avant 1800 : la question du gender"},"content":{"rendered":"<p>jeux des topoi dans la traduction fran&ccedil;aise de La Diane de Montemayor par Madame Gillot de Saintonge (1699-1733)&quot;<br \/>\n&#8211; Henri LAFON, &quot;De l&#8217;&quot;entreprise&quot; au &quot;crime&quot; : romanciers, romanci&egrave;res et le topos du viol<br \/>\n&#8211; Christophe MARTIN, De la th&eacute;orie du moment &agrave; l&#8217;hypoth&egrave;se du viol : romanciers et romanci&egrave;res face &agrave; un topos romanesque jusqu&#8217;&agrave; La Nouvelle H&eacute;lo&iuml;se&quot;<br \/>\n&#8211; Catherine GALLOUET, &quot;Le coup de foudre, ou les avatars de la diff&eacute;rence sexuelle dans le roman du XVIIIe si&egrave;cle&quot;<\/span><\/div>\n<div class=\"corpsTexte\" style=\"text-align: justify;\"><span style=\"font-size: small;\"><strong><br \/>\nTopoi et emplois de topoi par lesquels les auteurs femmes se distinguent&#8217;<\/strong><br \/>\n&#8211; Alicia MONTOYA, &quot;Le Faucon de Marie-Anne Barbier : un dialogue avec Boccace, Madame de Villedieu et La Fontaine&quot;<br \/>\n&#8211; Katherine ASTBURY, &quot;La femme amoureuse et le conte moral des femmes &eacute;crivains : vers un conte moral &quot;f&eacute;minin&quot;?&quot;<br \/>\n&#8211; Marie-Christine PIOFFET, &quot;Enjeux et destin&eacute;e des &eacute;crits f&eacute;minins dans l&#8217;imaginaire de Madame de Villedieu&quot;<br \/>\n&#8211; Jean MAINIL, &quot;&quot;Ma Mere l&#8217;Oie&quot;, ou du d&eacute;tournement du topos de l&#8217;&quot;&eacute;criture f&eacute;minine&quot;&quot;<br \/>\n&#8211; Marisa CANGELOSI, &quot;F&eacute;minit&eacute; et masculinit&eacute; dans trois nouvelles de jeunesse de Madame de Sta&euml;l (Mirza ou lettre d&#8217;un voyageur, Ad&eacute;la&iuml;de et Th&eacute;odore, L&#8217;Histoire de Pauline)&quot;<br \/>\n&#8211; Brigitte LOUICHON, &quot;Lire Ad&egrave;le de S&eacute;nange de Madame de Souza : point de vue masculin, point de vue f&eacute;minin&quot;<br \/>\n&#8211; Marie-Laure GIROU-SWIDERSKI, &quot;Le mentorat f&eacute;minin vu par les romanci&egrave;res du XVIIIe si&egrave;cle.&quot;<br \/>\n<\/span><strong><br \/>\n<\/strong><\/div>\n<div class=\"corpsTexte\" style=\"text-align: justify;\"><strong><span style=\"font-size: small;\">Epilogue<\/span><\/strong><span style=\"font-size: small;\"><br \/>\n&#8211; Suzan van DIJK, &quot;Topoi et g&eacute;n&eacute;ricit&eacute; : conclusions &agrave; tirer; et Topoi et g&eacute;n&eacute;ricit&eacute; : inventaire et classement des topoi pr&eacute;sent&eacute;s&quot;<\/p>\n<p><\/span><\/div><\/p>\n","protected":false},"excerpt":{"rendered":"<p>jeux des topoi dans la traduction fran&ccedil;aise de La Diane de Montemayor par Madame Gillot de Saintonge (1699-1733)&quot; &#8211; Henri LAFON, &quot;De l&#8217;&quot;entreprise&quot; au &quot;crime&quot; : romanciers, romanci&egrave;res et le [&hellip;]<\/p>\n","protected":false},"author":14,"featured_media":0,"parent":2851,"menu_order":0,"comment_status":"closed","ping_status":"closed","template":"","meta":{"_price":"","_stock":"","_tribe_ticket_header":"","_tribe_default_ticket_provider":"","_tribe_ticket_capacity":"0","_ticket_start_date":"","_ticket_end_date":"","_tribe_ticket_show_description":"","_tribe_ticket_show_not_going":false,"_tribe_ticket_use_global_stock":"","_tribe_ticket_global_stock_level":"","_global_stock_mode":"","_global_stock_cap":"","_tribe_rsvp_for_event":"","_tribe_ticket_going_count":"","_tribe_ticket_not_going_count":"","_tribe_tickets_list":[],"_tribe_ticket_has_attendee_info_fields":false},"translation":{"provider":"WPGlobus","version":"3.0.0","language":"en","enabled_languages":["fr","en"],"languages":{"fr":{"title":true,"content":true,"excerpt":false},"en":{"title":false,"content":true,"excerpt":false}}},"ticketed":false,"_links":{"self":[{"href":"https:\/\/ancien.siefar.org\/en\/wp-json\/wp\/v2\/pages\/2950"}],"collection":[{"href":"https:\/\/ancien.siefar.org\/en\/wp-json\/wp\/v2\/pages"}],"about":[{"href":"https:\/\/ancien.siefar.org\/en\/wp-json\/wp\/v2\/types\/page"}],"author":[{"embeddable":true,"href":"https:\/\/ancien.siefar.org\/en\/wp-json\/wp\/v2\/users\/14"}],"replies":[{"embeddable":true,"href":"https:\/\/ancien.siefar.org\/en\/wp-json\/wp\/v2\/comments?post=2950"}],"version-history":[{"count":0,"href":"https:\/\/ancien.siefar.org\/en\/wp-json\/wp\/v2\/pages\/2950\/revisions"}],"up":[{"embeddable":true,"href":"https:\/\/ancien.siefar.org\/en\/wp-json\/wp\/v2\/pages\/2851"}],"wp:attachment":[{"href":"https:\/\/ancien.siefar.org\/en\/wp-json\/wp\/v2\/media?parent=2950"}],"curies":[{"name":"wp","href":"https:\/\/api.w.org\/{rel}","templated":true}]}}