{"id":2802,"date":"2009-05-02T07:39:00","date_gmt":"2009-05-02T07:39:00","guid":{"rendered":"http:\/\/100"},"modified":"2021-03-26T14:08:37","modified_gmt":"2021-03-26T13:08:37","slug":"presentation","status":"publish","type":"page","link":"https:\/\/ancien.siefar.org\/en\/repertoire-des-specialistes-du-domaine\/presentation\/","title":{"rendered":"Pr\u00e9sentation"},"content":{"rendered":"<div class=\"corpsTexte\" style=\"text-align: justify;\"><span>Le R\u00e9pertoire permet d&#8217;identifier les personnes qui travaillent ou ont travaill\u00e9 sur une\/des\/les femmes de l&#8217;Ancien R\u00e9gime, et de conna\u00eetre les recherches qu&#8217;elles ont r\u00e9alis\u00e9es.<\/span><\/div>\n<div class=\"corpsTexte\" style=\"text-align: justify;\">\u00a0<\/div>\n<div class=\"corpsTexte\" style=\"text-align: justify;\"><span>Il est class\u00e9 par ordre alphab\u00e9tique d&#8217;expert-e, puis par type de publications, celles-ci \u00e9tant class\u00e9es par ordre chronologique d\u00e9croissant.<\/span><\/div>\n<div class=\"corpsTexte\" style=\"text-align: justify;\">\u00a0<\/div>\n<div class=\"corpsTexte\" style=\"text-align: justify;\"><span>Les titres soulign\u00e9s signalent la pr\u00e9sence d&#8217;un lien ouvrant sur un r\u00e9sum\u00e9 d&#8217;un ouvrage r\u00e9dig\u00e9 ou dirig\u00e9 par un-e adh\u00e9rent-e de la SIEFAR.<br \/>\n <\/span><\/div>\n<div class=\"corpsTexte\" style=\"text-align: justify;\">\u00a0<\/div>\n<div class=\"corpsTexte\" style=\"text-align: justify;\"><span>Il peut \u00eatre consult\u00e9 dans son <a href=\"http:\/\/siefar.org\/wp-content\/uploads\/2020\/08\/RepertoireSIEFAR_2020-08.pdf\" target=\"_blank\" rel=\"noopener noreferrer\">int\u00e9gralit\u00e9 <\/a>(version mise \u00e0 jour en ao\u00fbt 2020) ou par <a href=\"http:\/\/siefar.org\/repertoire-des-specialistes-du-domaine\/specialistes-du-domaine\/\" target=\"_blank\" rel=\"noopener noreferrer\">fiche d&#8217;auteur.e<\/a>.<\/span><\/div>\n<div class=\"corpsTexte\" style=\"text-align: justify;\">\u00a0<\/div>\n<div class=\"corpsTexte\" style=\"text-align: justify;\"><span><b>Le R\u00e9pertoire est propri\u00e9t\u00e9 de la SIEFAR. Il ne peut \u00eatre reproduit ni en totalit\u00e9 ni en partie.<\/b><\/span><\/div>\n","protected":false},"excerpt":{"rendered":"<p>Le R\u00e9pertoire permet d&#8217;identifier les personnes qui travaillent ou ont travaill\u00e9 sur une\/des\/les femmes de l&#8217;Ancien R\u00e9gime, et de conna\u00eetre les recherches qu&#8217;elles ont r\u00e9alis\u00e9es. \u00a0 Il est class\u00e9 par [&hellip;]<\/p>\n","protected":false},"author":14,"featured_media":0,"parent":2773,"menu_order":0,"comment_status":"closed","ping_status":"closed","template":"","meta":{"_price":"","_stock":"","_tribe_ticket_header":"","_tribe_default_ticket_provider":"","_tribe_ticket_capacity":"0","_ticket_start_date":"","_ticket_end_date":"","_tribe_ticket_show_description":"","_tribe_ticket_show_not_going":false,"_tribe_ticket_use_global_stock":"","_tribe_ticket_global_stock_level":"","_global_stock_mode":"","_global_stock_cap":"","_tribe_rsvp_for_event":"","_tribe_ticket_going_count":"","_tribe_ticket_not_going_count":"","_tribe_tickets_list":[],"_tribe_ticket_has_attendee_info_fields":false},"translation":{"provider":"WPGlobus","version":"3.0.0","language":"en","enabled_languages":["fr","en"],"languages":{"fr":{"title":true,"content":true,"excerpt":false},"en":{"title":false,"content":false,"excerpt":false}}},"ticketed":false,"_links":{"self":[{"href":"https:\/\/ancien.siefar.org\/en\/wp-json\/wp\/v2\/pages\/2802"}],"collection":[{"href":"https:\/\/ancien.siefar.org\/en\/wp-json\/wp\/v2\/pages"}],"about":[{"href":"https:\/\/ancien.siefar.org\/en\/wp-json\/wp\/v2\/types\/page"}],"author":[{"embeddable":true,"href":"https:\/\/ancien.siefar.org\/en\/wp-json\/wp\/v2\/users\/14"}],"replies":[{"embeddable":true,"href":"https:\/\/ancien.siefar.org\/en\/wp-json\/wp\/v2\/comments?post=2802"}],"version-history":[{"count":4,"href":"https:\/\/ancien.siefar.org\/en\/wp-json\/wp\/v2\/pages\/2802\/revisions"}],"predecessor-version":[{"id":8993,"href":"https:\/\/ancien.siefar.org\/en\/wp-json\/wp\/v2\/pages\/2802\/revisions\/8993"}],"up":[{"embeddable":true,"href":"https:\/\/ancien.siefar.org\/en\/wp-json\/wp\/v2\/pages\/2773"}],"wp:attachment":[{"href":"https:\/\/ancien.siefar.org\/en\/wp-json\/wp\/v2\/media?parent=2802"}],"curies":[{"name":"wp","href":"https:\/\/api.w.org\/{rel}","templated":true}]}}