{"id":2759,"date":"2009-01-09T17:37:36","date_gmt":"2009-01-09T17:37:36","guid":{"rendered":"http:\/\/7"},"modified":"2022-05-05T09:35:42","modified_gmt":"2022-05-05T08:35:42","slug":"collaborer-au-dictionnaire","status":"publish","type":"page","link":"https:\/\/ancien.siefar.org\/en\/dictionnaire-des-femmes-de-l-ancienne-france\/collaborer-au-dictionnaire\/","title":{"rendered":"How to contribute to the dictionary"},"content":{"rendered":"<div class=\"corpsTexte\" style=\"text-align: justify;\"><span style=\"font-size: small;\"><br \/>\n<\/span><\/div>\n<div class=\"corpsTexte\" style=\"text-align: justify;\"><span style=\"font-size: small;\"><strong>Si vous pensez pouvoir collaborer \u00e0 l&#8217;\u00e9laboration des nouvelles notices,<\/strong> parce que vous \u00eates sp\u00e9cialiste d&#8217;une femme, d&#8217;un groupe de femmes, d&#8217;un groupe social ou d&#8217;un domaine particulier vous ayant conduit \u00e0 une bonne connaissance d&#8217;une femme ou de plusieurs (voire, parce que vous avez rencontr\u00e9 au cours de vos recherches des femmes tr\u00e8s peu connues mais qui vous semblent int\u00e9ressantes, et sur lesquelles vous pourriez faire une courte notice), nous vous invitons \u00e0 prendre contact avec la personne du Comit\u00e9 de Pilotage charg\u00e9e de votre p\u00e9riode ou de votre domaine, en lui indiquant vos comp\u00e9tences (publications, travaux) et vos propositions. <br \/>\n<\/span><\/div>\n<div class=\"corpsTexte\" style=\"text-align: justify;\"><span style=\"font-size: small;\"><br \/>\n<strong>Si vous connaissez des expert-e-s de femmes ou de groupes de femmes susceptibles de collaborer \u00e0 ce projet,<\/strong> n&#8217;h\u00e9sitez pas \u00e0 leur en parler afin qu&#8217;ils-elles nous contactent, ou \u00e0 signaler leur existence (avec leurs coordonn\u00e9es) pour que nous les contactions, en vous adressant toujours \u00e0 la personne du Comit\u00e9 de Pilotage la plus concern\u00e9e.<\/span><\/div>\n<div class=\"corpsTexte\" style=\"text-align: justify;\"><span style=\"font-size: small;\"><br \/>\n<\/span><\/div>\n<div class=\"titreJaune\" style=\"text-align: center;\"><span style=\"font-size: small;\">LES PERSONNES A QUI VOUS ADRESSER<\/span><\/div>\n<div class=\"corpsTexte\" style=\"text-align: justify;\">\n<font size=\"2\">Direction g\u00e9n\u00e9rale :<\/font><a href=\"mailto:mehenneau@ulg.ac.be\" style=\"font-size: small;\">Marie-\u00c9lisabeth Henneau<\/a><\/div>\n<ul>\n<li><span style=\"font-size: small;\">Moyen \u00c2ge : <\/span><span style=\"font-size: small;\"><a href=\"mailto:daniele.james-raoul@wanadoo.fr\">Dani\u00e8le James-Raoul<\/a><\/span><\/li>\n<li><span style=\"font-size: small;\">Renaissance : <a href=\"mailto:eliane.viennot@gmail.com\">Eliane Viennot<\/a><br \/>\n    <\/span><\/li>\n<li><span style=\"font-size: small;\">XVIIe si\u00e8cle : <a href=\"mailto:mehenneau@ulg.ac.be\">Marie-\u00c9lisabeth Henneau<\/a><br \/>\n    <\/span><\/li>\n<li><span style=\"font-size: small;\">XVIIIe si\u00e8cle : <a href=\"mailto:rotraud.kulessa@phil.uni-augsburg.de\">Rotraud von Kulessa<\/a><br \/>\n    <\/span><\/li>\n<li><span style=\"font-size: small;\">Histoire de l&#8217;art : <a href=\"mailto:kathleen.wilson-chevalier@wanadoo.fr\">Kathleen Wilson-Chevalier<\/a><br \/>\n    <\/span><\/li>\n<li>\n<div class=\"corpsTexte\"><span style=\"font-size: small;\">Monachisme f\u00e9minin : <a href=\"mailto:mehenneau@ulg.ac.be\">Marie-\u00c9lisabeth Henneau<\/a><\/span><\/div>\n<\/li>\n<\/ul>\n<ul>\n<li><span style=\"font-size: small;\">Traductions : <a href=\"mailto:dubois-nayt@iut-velizy.uvsq.fr\">Armel Dubois-Nayt<\/a><\/span><\/li>\n<li><span style=\"font-size: small;\">R\u00e9ception des figures antiques &#8211; iconographie : <a href=\"mailto:adebrosse@gmail.com\">Anne Debrosse<\/a><\/span><\/li>\n<\/ul>\n<p style=\"text-align: center; \"><font color=\"#d2b231\" size=\"2\"><span style=\"text-transform: uppercase;\"><b>Documents \u00e0 t\u00e9l\u00e9charger<\/b><\/span><\/font><\/p>\n<p style=\"text-align: justify; \">\n<ul style=\"text-align: -webkit-auto; \">\n<li><font size=\"2\"><a href=\"http:\/\/www.siefar.org\/docsiefar\/file\/Siefar%20Dict%20Lettre%20aux%20autrices%20auteurs%20%202012.pdf\">Lettre aux autrices\/auteurs<\/a><\/font><\/li>\n<li><span style=\"font-size: small; \"><a href=\"http:\/\/www.siefar.org\/dictionnaire-des-femmes-de-l-ancienne-france\/presentation-generale.html'lang=fr&#038;li=art318\">Pr\u00e9sentation du dictionnaire<\/a><\/span><\/li>\n<li><span style=\"font-size: small; \"><a href=\"http:\/\/siefar.org\/wp-content\/uploads\/2022\/05\/Siefar-Dic-Fiche.rtf\" rel=\"noopener noreferrer\" target=\"_blank\">Fiche<\/a><\/span><\/li>\n<li><font size=\"2\"><a href=\"http:\/\/siefar.org\/wp-content\/uploads\/2022\/04\/Siefar-Dic-Consignes-2022.pdf\" rel=\"noopener noreferrer\" target=\"_blank\">Consignes<\/a><\/font><\/li>\n<\/ul>\n","protected":false},"excerpt":{"rendered":"<p>Si vous pensez pouvoir collaborer \u00e0 l&#8217;\u00e9laboration des nouvelles notices, parce que vous \u00eates sp\u00e9cialiste d&#8217;une femme, d&#8217;un groupe de femmes, d&#8217;un groupe social ou d&#8217;un domaine particulier vous ayant [&hellip;]<\/p>\n","protected":false},"author":14,"featured_media":0,"parent":2756,"menu_order":0,"comment_status":"closed","ping_status":"closed","template":"","meta":{"_price":"","_stock":"","_tribe_ticket_header":"","_tribe_default_ticket_provider":"","_tribe_ticket_capacity":"0","_ticket_start_date":"","_ticket_end_date":"","_tribe_ticket_show_description":"","_tribe_ticket_show_not_going":false,"_tribe_ticket_use_global_stock":"","_tribe_ticket_global_stock_level":"","_global_stock_mode":"","_global_stock_cap":"","_tribe_rsvp_for_event":"","_tribe_ticket_going_count":"","_tribe_ticket_not_going_count":"","_tribe_tickets_list":[],"_tribe_ticket_has_attendee_info_fields":false},"translation":{"provider":"WPGlobus","version":"3.0.0","language":"en","enabled_languages":["fr","en"],"languages":{"fr":{"title":true,"content":true,"excerpt":false},"en":{"title":true,"content":false,"excerpt":false}}},"ticketed":false,"_links":{"self":[{"href":"https:\/\/ancien.siefar.org\/en\/wp-json\/wp\/v2\/pages\/2759"}],"collection":[{"href":"https:\/\/ancien.siefar.org\/en\/wp-json\/wp\/v2\/pages"}],"about":[{"href":"https:\/\/ancien.siefar.org\/en\/wp-json\/wp\/v2\/types\/page"}],"author":[{"embeddable":true,"href":"https:\/\/ancien.siefar.org\/en\/wp-json\/wp\/v2\/users\/14"}],"replies":[{"embeddable":true,"href":"https:\/\/ancien.siefar.org\/en\/wp-json\/wp\/v2\/comments?post=2759"}],"version-history":[{"count":4,"href":"https:\/\/ancien.siefar.org\/en\/wp-json\/wp\/v2\/pages\/2759\/revisions"}],"predecessor-version":[{"id":9839,"href":"https:\/\/ancien.siefar.org\/en\/wp-json\/wp\/v2\/pages\/2759\/revisions\/9839"}],"up":[{"embeddable":true,"href":"https:\/\/ancien.siefar.org\/en\/wp-json\/wp\/v2\/pages\/2756"}],"wp:attachment":[{"href":"https:\/\/ancien.siefar.org\/en\/wp-json\/wp\/v2\/media?parent=2759"}],"curies":[{"name":"wp","href":"https:\/\/api.w.org\/{rel}","templated":true}]}}