{"id":2011,"date":"2015-10-09T23:59:47","date_gmt":"2015-10-09T22:59:47","guid":{"rendered":"http:\/\/siefar.org\/?page_id=2011"},"modified":"2025-05-02T03:49:01","modified_gmt":"2025-05-02T10:49:01","slug":"accueil","status":"publish","type":"page","link":"https:\/\/ancien.siefar.org\/en\/","title":{"rendered":""},"content":{"rendered":"<h6 class=\"corpsTexte\" style=\"text-align: justify;\"><span style=\"font-size: 10pt;\">La Soci\u00e9t\u00e9 Internationale pour l\u2019\u00c9tude des Femmes de l\u2019Ancien R\u00e9gime, soci\u00e9t\u00e9 savante n\u00e9e en 2000, a pour vocation l&#8217;\u00e9tude des conditions de vie, des actions, des oeuvres et de la pens\u00e9e des femmes des p\u00e9riodes pr\u00e9c\u00e9dant la R\u00e9volution fran\u00e7aise. La SI<\/span><span style=\"font-size: 10pt;\">\u00c9FAR<\/span><span style=\"font-size: 10pt;\"> travaille \u00e0 mieux faire conna\u00eetre ces domaines, pour rendre visible la pr\u00e9sence des femmes dans la vie \u00e9conomique, politique, intellectuelle, scientifique et artistique des si\u00e8cles pass\u00e9s et faire cesser le silence qui continue trop souvent \u00e0 r\u00e9gner. Par la conservation des savoirs menac\u00e9s d\u2019oubli, par la production de savoirs nouveaux et par la diffusion des recherches effectu\u00e9es, la <\/span><span style=\"font-size: 10pt;\">SI<\/span><span style=\"font-size: 10pt;\">\u00c9FAR <\/span><span style=\"font-size: 10pt;\">entend contribuer \u00e0 l&#8217;approfondissement de la r\u00e9flexion et des connaissances sur le genre et sa construction.<\/span><\/h6>\n<p style=\"text-align: center;\"><a href=\"http:\/\/siefar.org\/adhesion\/\">Adh\u00e9sion 2025<\/a><\/p>\n<p style=\"text-align: center;\"><strong>La SIEFAR a besoin de vous !<br \/>\n<\/strong><\/p>\n<hr \/>\n<div class=\"gros-plan-content\">\n<h3 style=\"text-align: center;\"><span style=\"font-size: 14pt;\"><strong><span style=\"font-family: verdana, geneva, sans-serif;\"><span class=\"fontstyle0\">\u00ab Entre femmes. Regards des femmes de l\u2019Ancien R\u00e9gime sur leurs contemporaines \u00bb<\/span><\/span><\/strong><\/span><\/h3>\n<p style=\"text-align: center;\"><span style=\"font-size: 12pt;\"><strong>Le colloque est ouvert sur inscription \u00e0 l\u2019adresse <a href=\"mailto:colloquesiefar2025@gmail.com\">colloquesiefar2025@gmail.com<\/a><\/strong><\/span><\/p>\n<p style=\"text-align: center;\"><strong>Paris, Reid Hall, 4 rue de Chevreuse, 75006<\/strong><\/p>\n<p><span style=\"font-size: 14pt;\"><strong><u><a href=\"http:\/\/siefar.org\/wp-content\/uploads\/2025\/03\/SIEFAR-Colloque.webp\"><img decoding=\"async\" loading=\"lazy\" class=\"size-medium wp-image-11852 alignleft\" src=\"http:\/\/siefar.org\/wp-content\/uploads\/2025\/03\/SIEFAR-Colloque-300x232.webp\" alt=\"\" width=\"300\" height=\"232\" srcset=\"https:\/\/ancien.siefar.org\/wp-content\/uploads\/2025\/03\/SIEFAR-Colloque-300x232.webp 300w, https:\/\/ancien.siefar.org\/wp-content\/uploads\/2025\/03\/SIEFAR-Colloque-600x464.webp 600w, https:\/\/ancien.siefar.org\/wp-content\/uploads\/2025\/03\/SIEFAR-Colloque.webp 704w\" sizes=\"(max-width: 300px) 100vw, 300px\" \/><\/a>Premi\u00e8re journ\u00e9e: vendredi 16 mai 2025<\/u><\/strong><\/span><\/p>\n<p><span style=\"font-size: 12pt;\"><strong>Accueil\u00a0: 9h00-9h15<\/strong><\/span><\/p>\n<p><span style=\"font-size: 12pt;\"><strong>Hommage \u00e0 Danielle Haase-Dubosc :\u00a0\u00a0<\/strong><strong>Brunehilde Biebuyck (Directrice Reid Hall, Columbia Paris) et Myriam Dufour-Ma\u00eetre (C\u00c9R\u00c9dI).<\/strong><\/span><\/p>\n<p><strong>Introduction<\/strong><\/p>\n<p><span style=\"font-size: 12pt;\"><strong>10h00-11h30\u00a0: Parnasses f\u00e9minins<\/strong><\/span><\/p>\n<p><strong>Pr\u00e9sidence\u00a0: Nathalie Grande (LAMO \u2013 Nantes Universit\u00e9)<\/strong><\/p>\n<ul>\n<li>Claude La Charit\u00e9 (Universit\u00e9 du Qu\u00e9bec \u00e0 Rimouski)\u00a0: \u00ab\u00a0Marie de Romieu entre femmes, des Premi\u00e8res oeuvres po\u00e9tiques (1581) \u00e0 la r\u00e9ception critique\u00a0\u00bb.<\/li>\n<li>Anne Duggan (Wayne State University)\u00a0: \u00ab L\u2019Apoth\u00e9ose d\u2019Antoinette Deshouli\u00e8res et de Madeleine de Scud\u00e9ry, ou la conqu\u00eate du Parnasse par les femmes \u00bb.<\/li>\n<li>Loula Abd el Razak (University of Toronto)\u00a0: \u00ab\u00a0\u00c9loges des illustres s\u00e7avantes : Marguerite Buffet contre l\u2019enfermement dans l\u2019ignorance\u00a0\u00bb.<\/li>\n<\/ul>\n<p><span style=\"font-size: 12pt;\"><strong>11h30-13h00\u00a0: R\u00e9seaux \u00e9pistolaires<\/strong><\/span><\/p>\n<p><strong>Pr\u00e9sidence\u00a0: Nathalie Freidel (Wilfrid Laurier University, Waterloo, CA)<\/strong><\/p>\n<ul>\n<li>Julia Reichwein (Christian-Albrechts-Universit\u00e4t zu Kiel)\u00a0: \u00ab\u00a0Entre m\u00e8re et fille. Les Dames des Roches et leur r\u00e9seau familial litt\u00e9raire\u00a0\u00bb.<\/li>\n<li>Francesca Piselli (Universit\u00e0 di Perugia)\u00a0: \u00ab\u00a0Regards crois\u00e9s : la comtesse d\u2019Albany sur ses contemporaines au travers de sa correspondance\u00a0\u00bb.<\/li>\n<li>Camille Esmein-Sarrazin (Universit\u00e9 d\u2019Orl\u00e9ans)\u00a0: \u00ab Lafayette et ses correspondantes. Des pratiques d\u2019\u00e9criture aux r\u00e9seaux de sociabilit\u00e9 \u00bb.<\/li>\n<\/ul>\n<p><strong>Pause d\u00e9jeuner<\/strong><\/p>\n<p><span style=\"font-size: 12pt;\"><strong>14h15-14h45\u00a0: Table Ronde des pr\u00e9sidentes et fondatrices\u00a0: <\/strong><\/span>\u00c9liane Viennot, Nicole Pellegrin, Nathalie Grande, Julie Piront.<\/p>\n<p><span style=\"font-size: 12pt;\"><strong>14h45-16h15\u00a0: Solidarit\u00e9s \/ Sororit\u00e9s \/ Rivalit\u00e9s<\/strong><\/span><\/p>\n<p><strong>Pr\u00e9sidence\u00a0: Marianne Closson (Textes et Cultures \u2013 Universit\u00e9 d\u2019Artois)<\/strong><\/p>\n<ul>\n<li>C\u00e9cile Berger (Universit\u00e9 de Toulouse II-Jaur\u00e8s)\u00a0: \u00ab\u00a0Les portraits-sonnets de femmes de Cour sous la plume d\u2019Isabella Andreini (Rime, 1601 &amp; 1603) : entre id\u00e9al de distinction et sentiment d\u2019appartenance\u00a0\u00bb.<\/li>\n<li>Isabelle Krier (Universit\u00e9 d\u2019Orl\u00e9ans)\u00a0: \u00ab\u00a0&#8220;Leur plus universelle qualit\u00e9, c&#8217;est la diversit\u00e9&#8221;. R\u00e9flexions de Marie de Gournay sur ses contemporaines\u00a0\u00bb.<\/li>\n<li>Fanny Marchaisse (Northwestern University)\u00a0: \u00ab\u00a0Un regard moderne sur ses contemporaines : Murat et l&#8217;\u00e9p\u00eetre Aux F\u00e9es Modernes \u00bb.<\/li>\n<\/ul>\n<p><strong>16h15-16h30\u00a0: pause<\/strong><\/p>\n<p><span style=\"font-size: 12pt;\"><strong>16h30-17h30\u00a0: Solidarit\u00e9s \/ Sororit\u00e9s \/ Rivalit\u00e9s (suite) <\/strong><\/span><\/p>\n<p><strong>Pr\u00e9sidence\u00a0: Dominique Picco (CEMMC \u2013 Universit\u00e9 Bordeaux Montaigne)<\/strong><\/p>\n<ul>\n<li>Florence Boulerie (Universit\u00e9 Bordeaux Montaigne)\u00a0: \u00ab\u00a0Regards sur les femmes de lettres de la fin du XVIII<sup>e<\/sup> si\u00e8cle: le tribunal sans concession de F\u00e9licit\u00e9 de Genlis\u00a0\u00bb.<\/li>\n<li>Margaux Prugnier (Universit\u00e9 Paris Nanterre)\u00a0: \u00ab\u00a0Autrice et \u00e9ditrice : regards crois\u00e9s de Graffigny et Delamain face \u00e0 la masculinisation du monde du livre au si\u00e8cle des Lumi\u00e8res\u00a0\u00bb.<\/li>\n<\/ul>\n<p><span style=\"font-size: 14pt;\"><strong><u>Seconde journ\u00e9e: samedi 17 mai 2025<\/u><\/strong><\/span><\/p>\n<p><strong>9h30-11h00\u00a0: <span style=\"font-size: 14pt;\">Entre savantes<\/span><\/strong><\/p>\n<p><strong>Pr\u00e9sidence\u00a0: Marianne Charrier-Vozel (CECJI \u2013 Universit\u00e9 de Rennes 1)<\/strong><\/p>\n<ul>\n<li>Emma Gauthier-Mamaril (Universit\u00e9 de Montr\u00e9al)\u00a0: \u00ab Se regarder pour se reconna\u00eetre : l&#8217;\u00e9change savant dans la correspondance S\u00e9vign\u00e9-Grignan \u00bb.<\/li>\n<li>Elena Najera (Universidad de Alicante)\u00a0: \u00ab\u00a0Reconnaissance mutuelle des femmes philosophes au XVIIe si\u00e8cle. Un cas d&#8217;\u00e9change \u00e9pistolaire\u00a0\u00bb.<\/li>\n<li>Nina Mueggler (Universit\u00e9 de Neuch\u00e2tel)\u00a0: \u00ab\u00a0L\u2019\u00c9rudition enjou\u00e9e de Marie-Jeanne L\u2019H\u00e9ritier, ou la sororit\u00e9 choisie\u00a0\u00bb.<\/li>\n<\/ul>\n<p><strong>P<span style=\"font-size: 12pt;\">ause caf\u00e9<\/span><\/strong><\/p>\n<p><span style=\"font-size: 12pt;\"><strong>11h15-12h15\u00a0: Regards d\u2019ailleurs<\/strong><\/span><\/p>\n<p><span style=\"font-size: 12pt;\"><strong>Pr\u00e9sidence\u00a0: Claudine N\u00e9delec (Textes et Cultures \u2013 Universit\u00e9 d\u2019Artois)<\/strong><\/span><\/p>\n<ul>\n<li><span style=\"font-size: 12pt;\">Maxence Joscht (EHESS)\u00a0: \u00ab\u00a0L&#8217;aventuri\u00e8re et les femmes crois\u00e9es sur sa route : le rapport au genre et aux relations de pouvoir dans l&#8217;\u0153uvre de Regina Salomea Pilsztynowa\u00a0\u00bb.<\/span><\/li>\n<li><span style=\"font-size: 12pt;\">Rotraud von Kulessa et Francesca Pagani (Universitat Augsburg, Universit\u00e0 di Bergamo)\u00a0: \u00ab\u00a0La cr\u00e9ation de r\u00e9seaux \u00e9pistolaires au f\u00e9minin : le cas de Giustiniana Wynne\u00a0\u00bb.<\/span><\/li>\n<\/ul>\n<p><span style=\"font-size: 12pt;\"><strong>Pause D\u00e9jeuner<\/strong><\/span><\/p>\n<p><span style=\"font-size: 12pt;\"><strong>13h30-14h30 : Assembl\u00e9e G\u00e9n\u00e9rale<\/strong><\/span><\/p>\n<p><span style=\"font-size: 12pt;\">Bilan moral, point financier, \u00e9lections (3 postes \u00e0 pourvoir au CA)<\/span><\/p>\n<p><span style=\"font-size: 12pt;\"><a href=\"http:\/\/siefar.org\/wp-content\/uploads\/2025\/04\/Organisation_AG_2025.pdf\">Convocation, Appel \u00e0 candidature et Pouvoir<\/a><\/span><\/p>\n<p><span style=\"font-size: 12pt;\"><strong>14h30-16h00\u00a0: Regard moral \/ regard social<\/strong><\/span><\/p>\n<p><strong>Pr\u00e9sidence\u00a0: Ghislain Tranie (Centre Roland Mousnier \u2013 EPHE)<\/strong><\/p>\n<ul>\n<li>Juliette Dubost Mattutzu (Universit\u00e9 Grenoble Alpes)\u00a0: \u00ab &#8220;Toutes les femmes que je censure par ma description&#8221; : rh\u00e9torique et style chez Mme de Pringy dans Les Diff\u00e9rents Caract\u00e8res des femmes du si\u00e8cle (1694) \u00bb<\/li>\n<li>Laurence Sieuzac (Lyc\u00e9e Michel de Montaigne, Bordeaux \/ CIELAM)\u00a0: &#8220;Des gazes, des fleurs et des plumes&#8221;. Regards de trois m\u00e9morialistes du XVIII<sup>e <\/sup>si\u00e8cle (F. Campan, F. de Graffigny, A-T de Lambert) sur la coquetterie de leurs contemporaines\u00a0\u00bb<\/li>\n<li>Charlotte Simonin (Lyc\u00e9e Poincar\u00e9, Nancy)\u00a0: \u00ab\u00a0Lorraine, Parisienne, P\u00e9ruvienne ? Regards de Fran\u00e7oise de Graffigny sur ses contemporaines \u00e0 travers sa Correspondance\u00a0\u00bb<\/li>\n<\/ul>\n<p><strong>17h00 : Lecture-conf\u00e9rence musicale d\u2019Aurore \u00c9vain, avec la compagnie La Subversive : &#8220;Lumi\u00e8re sur les autrices de th\u00e9\u00e2tre sous le r\u00e8gne de Louis XV !&#8221;\u00a0<\/strong><\/p>\n<p>Avec Aurore Evain, Nathalie Bourg (jeu) et Amal Allaoui (chant)<\/p>\n<p><strong>18h00 : Buffet de cl\u00f4ture du colloque-anniversaire<\/strong><\/p>\n<p><strong>\u00a0<\/strong><\/p>\n<p><strong>\u00a0<\/strong><\/p>\n<p><strong>\u00a0<\/strong><\/p>\n<\/div>\n<header class=\"entry-header\"><\/header>\n<header class=\"entry-header\"><\/header>\n<div class=\"entry-content\">\u00a0<\/div>\n<div class=\"gros-plan-content\">\u00a0<\/div>\n<div class=\"gros-plan-content\">\n<div class=\"corpsTexte\" style=\"text-align: center;\">\n<p style=\"text-align: justify;\">\u00a0<\/p>\n<\/div>\n<\/div>\n","protected":false},"excerpt":{"rendered":"<p>La Soci\u00e9t\u00e9 Internationale pour l\u2019\u00c9tude des Femmes de l\u2019Ancien R\u00e9gime, soci\u00e9t\u00e9 savante n\u00e9e en 2000, a pour vocation l&#8217;\u00e9tude des conditions de vie, des actions, des oeuvres et de la [&hellip;]<\/p>\n","protected":false},"author":1,"featured_media":0,"parent":0,"menu_order":0,"comment_status":"closed","ping_status":"closed","template":"","meta":{"_price":"","_stock":"","_tribe_ticket_header":"","_tribe_default_ticket_provider":"","_tribe_ticket_capacity":"0","_ticket_start_date":"","_ticket_end_date":"","_tribe_ticket_show_description":"","_tribe_ticket_show_not_going":false,"_tribe_ticket_use_global_stock":"","_tribe_ticket_global_stock_level":"","_global_stock_mode":"","_global_stock_cap":"","_tribe_rsvp_for_event":"","_tribe_ticket_going_count":"","_tribe_ticket_not_going_count":"","_tribe_tickets_list":[],"_tribe_ticket_has_attendee_info_fields":false},"translation":{"provider":"WPGlobus","version":"3.0.0","language":"en","enabled_languages":["fr","en"],"languages":{"fr":{"title":false,"content":true,"excerpt":false},"en":{"title":false,"content":false,"excerpt":false}}},"ticketed":false,"_links":{"self":[{"href":"https:\/\/ancien.siefar.org\/en\/wp-json\/wp\/v2\/pages\/2011"}],"collection":[{"href":"https:\/\/ancien.siefar.org\/en\/wp-json\/wp\/v2\/pages"}],"about":[{"href":"https:\/\/ancien.siefar.org\/en\/wp-json\/wp\/v2\/types\/page"}],"author":[{"embeddable":true,"href":"https:\/\/ancien.siefar.org\/en\/wp-json\/wp\/v2\/users\/1"}],"replies":[{"embeddable":true,"href":"https:\/\/ancien.siefar.org\/en\/wp-json\/wp\/v2\/comments?post=2011"}],"version-history":[{"count":220,"href":"https:\/\/ancien.siefar.org\/en\/wp-json\/wp\/v2\/pages\/2011\/revisions"}],"predecessor-version":[{"id":11854,"href":"https:\/\/ancien.siefar.org\/en\/wp-json\/wp\/v2\/pages\/2011\/revisions\/11854"}],"wp:attachment":[{"href":"https:\/\/ancien.siefar.org\/en\/wp-json\/wp\/v2\/media?parent=2011"}],"curies":[{"name":"wp","href":"https:\/\/api.w.org\/{rel}","templated":true}]}}